{"id":26,"date":"2018-02-02T20:54:31","date_gmt":"2018-02-02T19:54:31","guid":{"rendered":"http:\/\/www.sirlo.cz\/?page_id=26"},"modified":"2025-06-19T19:23:04","modified_gmt":"2025-06-19T18:23:04","slug":"kalendare-diare","status":"publish","type":"page","link":"https:\/\/www.sirlo.cz\/","title":{"rendered":"Kalend\u00e1\u0159e a di\u00e1\u0159e na rok 2026"},"content":{"rendered":"\n<div style=\"margin-top: 2em; margin-bottom: 0.5em; font-size: 1.3em; font-weight: bold;\">Katalog:<\/div>\n<p><a class=\"odkaz\" href=\"http:\/\/www.sirlo.cz\/other\/katalog-vs-od-01-06-2025.pdf\" target=\"_blank\" rel=\"noopener\" title=\"\">Kalend\u00e1\u0159e a di\u00e1\u0159e 2026<\/a> (form\u00e1t pdf, 54&nbsp;MB)<\/p>\n<hr>\n<p><a class=\"odkaz\" href=\"http:\/\/www.sirlo.cz\/index.php\/firemni-web\/objednavka\/\" target=\"_blank\" rel=\"noopener noreferrer\">Napsat objedn\u00e1vku<\/a><\/p>\n<hr>\n<div style=\"margin-bottom: 0.5em; font-size: 1.3em; font-weight: bold;\">Cen\u00edk &#038; objedn\u00e1vkov\u00fd blanket:<\/div>\n<ul><li><a class=\"odkaz\" href=\"http:\/\/www.sirlo.cz\/ceniky\/cenik-vs-od-01-06-2025.html\" target=\"_blank\" rel=\"noopener noreferrer\">cen\u00edk jako webov\u00e1 str\u00e1nka<\/a><\/li>\n<li><a class=\"odkaz\" href=\"http:\/\/www.sirlo.cz\/ceniky\/cenik-vs-od-01-06-2025.pdf\" target=\"_blank\" rel=\"noopener\" title=\"\">cen\u00edk ve form\u00e1tu pdf<\/a><\/li>\n<li><a class=\"odkaz\" href=\"http:\/\/www.sirlo.cz\/ceniky\/cenik-vs-od-01-06-2025.xls\">cen\u00edk ve form\u00e1tu xls<\/a> (pro v\u0161echny verze Microsoft Excelu nebo nap\u0159. pro LibreOffice Calc)<\/li>\n<li><a class=\"odkaz\" href=\"http:\/\/www.sirlo.cz\/ceniky\/cenik-vs-od-01-06-2025.xlsx\">cen\u00edk ve form\u00e1tu xlsx<\/a> (pro Microsoft Excel 2007 a nov\u011bj\u0161\u00ed nebo nap\u0159. pro LibreOffice Calc)<\/li>\n<\/ul>\n<hr>\n<p><a class=\"odkaz\" href=\"http:\/\/www.sirlo.cz\/index.php\/firemni-web\/softwarova-podpora\/\" target=\"_blank\" rel=\"noopener noreferrer\">Softwarov\u00e1 podpora&nbsp;\u2013 programy na prohl\u00ed\u017een\u00ed katalogu\/cen\u00edku<\/a><\/p>\n\n\n","protected":false},"excerpt":{"rendered":"<p>Katalog: Kalend\u00e1\u0159e a di\u00e1\u0159e 2026 (form\u00e1t pdf, 54&nbsp;MB) Napsat objedn\u00e1vku Cen\u00edk &#038; objedn\u00e1vkov\u00fd blanket: cen\u00edk jako webov\u00e1 str\u00e1nka cen\u00edk ve form\u00e1tu pdf cen\u00edk ve form\u00e1tu xls (pro v\u0161echny verze Microsoft Excelu nebo nap\u0159. pro LibreOffice Calc) cen\u00edk ve form\u00e1tu xlsx <span class=\"readmore\"><a class=\"more-link\" href=\"https:\/\/www.sirlo.cz\/\">Read More &#8230;<\/a><\/span><\/p>\n","protected":false},"author":1,"featured_media":0,"parent":28,"menu_order":1,"comment_status":"closed","ping_status":"closed","template":"","meta":{"ngg_post_thumbnail":0,"footnotes":""},"aioseo_notices":[],"_links":{"self":[{"href":"https:\/\/www.sirlo.cz\/index.php\/wp-json\/wp\/v2\/pages\/26"}],"collection":[{"href":"https:\/\/www.sirlo.cz\/index.php\/wp-json\/wp\/v2\/pages"}],"about":[{"href":"https:\/\/www.sirlo.cz\/index.php\/wp-json\/wp\/v2\/types\/page"}],"author":[{"embeddable":true,"href":"https:\/\/www.sirlo.cz\/index.php\/wp-json\/wp\/v2\/users\/1"}],"replies":[{"embeddable":true,"href":"https:\/\/www.sirlo.cz\/index.php\/wp-json\/wp\/v2\/comments?post=26"}],"version-history":[{"count":99,"href":"https:\/\/www.sirlo.cz\/index.php\/wp-json\/wp\/v2\/pages\/26\/revisions"}],"predecessor-version":[{"id":1395,"href":"https:\/\/www.sirlo.cz\/index.php\/wp-json\/wp\/v2\/pages\/26\/revisions\/1395"}],"up":[{"embeddable":true,"href":"https:\/\/www.sirlo.cz\/index.php\/wp-json\/wp\/v2\/pages\/28"}],"wp:attachment":[{"href":"https:\/\/www.sirlo.cz\/index.php\/wp-json\/wp\/v2\/media?parent=26"}],"curies":[{"name":"wp","href":"https:\/\/api.w.org\/{rel}","templated":true}]}}