{"id":30,"date":"2018-02-02T20:56:30","date_gmt":"2018-02-02T19:56:30","guid":{"rendered":"http:\/\/www.sirlo.cz\/?page_id=30"},"modified":"2025-06-15T20:51:13","modified_gmt":"2025-06-15T19:51:13","slug":"kontakt","status":"publish","type":"page","link":"https:\/\/www.sirlo.cz\/index.php\/firemni-web\/kontakt\/","title":{"rendered":"Kontakt"},"content":{"rendered":"<div style=\"margin-top: 2.1em;\">Vladim\u00edr \u0160irlo<br \/>\nKamenick\u00e1 330\/2<br \/>\nD\u011b\u010d\u00edn I<br \/>\n405 02<\/div>\n<div style=\"margin-top: 1.3em;\">Tel.:&nbsp;602 432 598<br \/>\nE\u2011mail:&nbsp;<a class=\"odkaz\" href=\"mailto:vl@sirlo.cz\">vl@sirlo.cz<\/a><\/div>\n<hr style=\"margin-top: 4em; margin-bottom: 4em;\">\n<h1 style=\"margin-bottom: 1.1em;\">Napsat zpr\u00e1vu pomoc\u00ed kontaktn\u00edho formul\u00e1\u0159e<\/h1>\n<p>Povinn\u00e9 polo\u017eky jsou ozna\u010deny \u010dervenou hv\u011bzdi\u010dkou.<\/p>\n<p>&nbsp;<\/p>\n\n<div class=\"wpcf7 no-js\" id=\"wpcf7-f366-o1\" lang=\"cs-CZ\" dir=\"ltr\">\n<div class=\"screen-reader-response\"><p role=\"status\" aria-live=\"polite\" aria-atomic=\"true\"><\/p> <ul><\/ul><\/div>\n<form action=\"\/index.php\/wp-json\/wp\/v2\/pages\/30#wpcf7-f366-o1\" method=\"post\" class=\"wpcf7-form init\" aria-label=\"Kontaktn\u00ed formul\u00e1\u0159\" novalidate=\"novalidate\" data-status=\"init\">\n<div style=\"display: none;\">\n<input type=\"hidden\" name=\"_wpcf7\" value=\"366\" \/>\n<input type=\"hidden\" name=\"_wpcf7_version\" value=\"5.9.3\" \/>\n<input type=\"hidden\" name=\"_wpcf7_locale\" value=\"cs_CZ\" \/>\n<input type=\"hidden\" name=\"_wpcf7_unit_tag\" value=\"wpcf7-f366-o1\" \/>\n<input type=\"hidden\" name=\"_wpcf7_container_post\" value=\"0\" \/>\n<input type=\"hidden\" name=\"_wpcf7_posted_data_hash\" value=\"\" \/>\n<\/div>\n<p><label style=\"font-weight: bold\"> Va\u0161e jm\u00e9no <span style=\"color: #ff0000;\">*<\/span><br \/>\n<span class=\"wpcf7-form-control-wrap\" data-name=\"jmeno\"><input size=\"40\" maxlength=\"50\" class=\"wpcf7-form-control wpcf7-text wpcf7-validates-as-required\" aria-required=\"true\" aria-invalid=\"false\" value=\"\" type=\"text\" name=\"jmeno\" \/><\/span> <\/label>\n<\/p>\n<p><label style=\"font-weight: bold\"> V\u00e1\u0161 e-mail <span style=\"color: #ff0000;\">*<\/span><br \/>\n<span class=\"wpcf7-form-control-wrap\" data-name=\"e-mailova-adresa\"><input size=\"40\" maxlength=\"150\" class=\"wpcf7-form-control wpcf7-email wpcf7-validates-as-required wpcf7-text wpcf7-validates-as-email\" aria-required=\"true\" aria-invalid=\"false\" value=\"\" type=\"email\" name=\"e-mailova-adresa\" \/><\/span> <\/label>\n<\/p>\n<p><label style=\"font-weight: bold\"> Text zpr\u00e1vy <span style=\"color: #ff0000;\">*<\/span><br \/>\n<span class=\"wpcf7-form-control-wrap\" data-name=\"zprava\"><textarea cols=\"40\" rows=\"10\" class=\"wpcf7-form-control wpcf7-textarea wpcf7-validates-as-required\" aria-required=\"true\" aria-invalid=\"false\" name=\"zprava\"><\/textarea><\/span> <\/label>\n<\/p>\n<p><label style=\"font-weight: bold\"> Ochrana proti spamu: <span style=\"color: #ff0000;\">*<\/span><br \/>\n<span class=\"wpcf7-form-control-wrap\" data-name=\"kontrolni-otazky\"><label><span class=\"wpcf7-quiz-label\">Napi\u0161te pros\u00edm \u010d\u00edslic\u00ed, kolik je P\u2022\u011a\u2022T m\u00ednus T\u2022\u0158\u2022I:<\/span> <input size=\"40\" class=\"wpcf7-form-control wpcf7-quiz\" autocomplete=\"off\" aria-required=\"true\" aria-invalid=\"false\" type=\"text\" name=\"kontrolni-otazky\" \/><\/label><input type=\"hidden\" name=\"_wpcf7_quiz_answer_kontrolni-otazky\" value=\"99acfe1caa4e54204ee2be5e8cac09a2\" \/><\/span> <\/label>\n<\/p>\n<p><input type=\"submit\" value=\"Odeslat zpr\u00e1vu\" style=\"margin-top: 2em; height: 3em; font-size: 100%; font-weight: bold; cursor: default;\" \/>\n<\/p><div class=\"wpcf7-response-output\" aria-hidden=\"true\"><\/div>\n<\/form>\n<\/div>\n\n","protected":false},"excerpt":{"rendered":"<p>Vladim\u00edr \u0160irlo Kamenick\u00e1 330\/2 D\u011b\u010d\u00edn I 405 02 Tel.:&nbsp;602 432 598 E\u2011mail:&nbsp;vl@sirlo.cz Napsat zpr\u00e1vu pomoc\u00ed kontaktn\u00edho formul\u00e1\u0159e Povinn\u00e9 polo\u017eky jsou ozna\u010deny \u010dervenou hv\u011bzdi\u010dkou. &nbsp;<\/p>\n","protected":false},"author":1,"featured_media":0,"parent":28,"menu_order":8,"comment_status":"closed","ping_status":"closed","template":"","meta":{"ngg_post_thumbnail":0,"footnotes":""},"aioseo_notices":[],"_links":{"self":[{"href":"https:\/\/www.sirlo.cz\/index.php\/wp-json\/wp\/v2\/pages\/30"}],"collection":[{"href":"https:\/\/www.sirlo.cz\/index.php\/wp-json\/wp\/v2\/pages"}],"about":[{"href":"https:\/\/www.sirlo.cz\/index.php\/wp-json\/wp\/v2\/types\/page"}],"author":[{"embeddable":true,"href":"https:\/\/www.sirlo.cz\/index.php\/wp-json\/wp\/v2\/users\/1"}],"replies":[{"embeddable":true,"href":"https:\/\/www.sirlo.cz\/index.php\/wp-json\/wp\/v2\/comments?post=30"}],"version-history":[{"count":34,"href":"https:\/\/www.sirlo.cz\/index.php\/wp-json\/wp\/v2\/pages\/30\/revisions"}],"predecessor-version":[{"id":1378,"href":"https:\/\/www.sirlo.cz\/index.php\/wp-json\/wp\/v2\/pages\/30\/revisions\/1378"}],"up":[{"embeddable":true,"href":"https:\/\/www.sirlo.cz\/index.php\/wp-json\/wp\/v2\/pages\/28"}],"wp:attachment":[{"href":"https:\/\/www.sirlo.cz\/index.php\/wp-json\/wp\/v2\/media?parent=30"}],"curies":[{"name":"wp","href":"https:\/\/api.w.org\/{rel}","templated":true}]}}