{"id":36,"date":"2018-02-02T20:58:34","date_gmt":"2018-02-02T19:58:34","guid":{"rendered":"http:\/\/www.sirlo.cz\/?page_id=36"},"modified":"2023-05-19T09:13:26","modified_gmt":"2023-05-19T08:13:26","slug":"profil-firmy","status":"publish","type":"page","link":"https:\/\/www.sirlo.cz\/index.php\/firemni-web\/profil-firmy\/","title":{"rendered":"Profil firmy, reference"},"content":{"rendered":"<h4 style=\"margin-top: 2em;\">Vladim\u00edr \u0160irlo<\/h4>\n<div style=\"margin-top: 2em;\"><strong>S\u00eddlo:<\/strong><br \/>\nKamenick\u00e1 330\/2<br \/>\nD\u011b\u010d\u00edn I<br \/>\n405 02<\/div>\n<div style=\"margin-top: 1em;\"><strong>Tel.:<\/strong>&nbsp;602 432 598<br \/>\n<strong>E\u2011mail:<\/strong>&nbsp;<a class=\"odkaz\" href=\"mailto:vl@sirlo.cz\">vl@sirlo.cz<\/a><\/div>\n<div style=\"margin-top: 3em;\"><strong>I\u010cO:<\/strong> 15662837<br \/>\n<strong>DI\u010c:<\/strong> CZ500504297<br \/>\n<strong>Datum vzniku:<\/strong> 11. 11. 1990<\/div>\n<div style=\"margin-top: 3em;\">\n<p><strong>P\u0159edm\u011bt \u010dinnosti:<\/strong><\/p>\n<ul>\n<li>prodej kalend\u00e1\u0159\u016f, di\u00e1\u0159\u016f, bro\u017eur a jin\u00e9ho zbo\u017e\u00ed<\/li>\n<li>fotografick\u00e9 slu\u017eby<\/li>\n<\/ul>\n<\/div>\n<div style=\"margin-top: 3em;\">\n<p><strong>Reference:<\/strong><\/p>\n<ul>\n<li>Jihostroj a.s., Vele\u0161\u00edn<\/li>\n<li>KOVOSERVIS, v. o. s., Moravsk\u00e1 T\u0159ebov\u00e1<\/li>\n<li>LITMOS s.r.o., Most<\/li>\n<li>Lobkowiczk\u00e9 z\u00e1meck\u00e9 vina\u0159stv\u00ed Roudnice nad Labem, s.r.o.<\/li>\n<li>Model\u00e1rna &#8211; NEMO\u0160ICE s.r.o., Pardubice-Nemo\u0161ice<\/li>\n<li>PLASTY spol. s r.o., Jablonec nad Nisou<\/li>\n<li>SEMPRA PRAHA a. s., stroj\u00edrensk\u00fd z\u00e1vod D\u011b\u010d\u00edn<\/li>\n<li>ZOD Han\u00e1, dru\u017estvo se s\u00eddlem ve \u0160v\u00e1benic\u00edch<\/li>\n<\/ul>\n<\/div>\n<div style=\"margin-top: 3em;\">\n<p><strong>Registrace:<\/strong><\/p>\n<ul>\n<li>\u010d. j. 1018\/92\/\u017d\u00da\/Ch (\u017d\u00da M\u00da D\u011b\u010d\u00edn)<\/li>\n<li>\u010d. j. 649\/01\/01\/\u017d\/Jk (\u017d\u00da M\u00da D\u011b\u010d\u00edn)<\/li>\n<li>\u010d. j. 2668\/01\/10\/\u017d\/k (\u017d\u00da O\u00da D\u011b\u010d\u00edn)<\/li>\n<li>\u010d. j. F\u00da\/SR\/298\/93\/KU (F\u00da D\u011b\u010d\u00edn)<\/li>\n<\/ul>\n<\/div>\n","protected":false},"excerpt":{"rendered":"<p>Vladim\u00edr \u0160irlo S\u00eddlo: Kamenick\u00e1 330\/2 D\u011b\u010d\u00edn I 405 02 Tel.:&nbsp;602 432 598 E\u2011mail:&nbsp;vl@sirlo.cz I\u010cO: 15662837 DI\u010c: CZ500504297 Datum vzniku: 11. 11. 1990 P\u0159edm\u011bt \u010dinnosti: prodej kalend\u00e1\u0159\u016f, di\u00e1\u0159\u016f, bro\u017eur a jin\u00e9ho zbo\u017e\u00ed fotografick\u00e9 slu\u017eby Reference: Jihostroj a.s., Vele\u0161\u00edn KOVOSERVIS, v. o. <span class=\"readmore\"><a class=\"more-link\" href=\"https:\/\/www.sirlo.cz\/index.php\/firemni-web\/profil-firmy\/\">Read More &#8230;<\/a><\/span><\/p>\n","protected":false},"author":1,"featured_media":0,"parent":28,"menu_order":7,"comment_status":"closed","ping_status":"closed","template":"","meta":{"ngg_post_thumbnail":0,"footnotes":""},"aioseo_notices":[],"_links":{"self":[{"href":"https:\/\/www.sirlo.cz\/index.php\/wp-json\/wp\/v2\/pages\/36"}],"collection":[{"href":"https:\/\/www.sirlo.cz\/index.php\/wp-json\/wp\/v2\/pages"}],"about":[{"href":"https:\/\/www.sirlo.cz\/index.php\/wp-json\/wp\/v2\/types\/page"}],"author":[{"embeddable":true,"href":"https:\/\/www.sirlo.cz\/index.php\/wp-json\/wp\/v2\/users\/1"}],"replies":[{"embeddable":true,"href":"https:\/\/www.sirlo.cz\/index.php\/wp-json\/wp\/v2\/comments?post=36"}],"version-history":[{"count":11,"href":"https:\/\/www.sirlo.cz\/index.php\/wp-json\/wp\/v2\/pages\/36\/revisions"}],"predecessor-version":[{"id":1279,"href":"https:\/\/www.sirlo.cz\/index.php\/wp-json\/wp\/v2\/pages\/36\/revisions\/1279"}],"up":[{"embeddable":true,"href":"https:\/\/www.sirlo.cz\/index.php\/wp-json\/wp\/v2\/pages\/28"}],"wp:attachment":[{"href":"https:\/\/www.sirlo.cz\/index.php\/wp-json\/wp\/v2\/media?parent=36"}],"curies":[{"name":"wp","href":"https:\/\/api.w.org\/{rel}","templated":true}]}}